{"id":961,"date":"2021-07-21T17:15:44","date_gmt":"2021-07-21T15:15:44","guid":{"rendered":"http:\/\/www.primes-energie-distridyn.fr\/?page_id=961"},"modified":"2022-07-05T10:37:43","modified_gmt":"2022-07-05T08:37:43","slug":"pompe-a-chaleur-gaz-air-eau-ou-eau-eau","status":"publish","type":"page","link":"https:\/\/www.primes-energie-distridyn.fr\/index.php\/coup-de-pouce\/coup-de-pouce-chauffage-tertiaire\/pompe-a-chaleur-gaz-air-eau-ou-eau-eau\/","title":{"rendered":"Pompe \u00e0 chaleur gaz air\/eau ou eau\/eau"},"content":{"rendered":"\t\t<div data-elementor-type=\"wp-page\" data-elementor-id=\"961\" class=\"elementor elementor-961\">\n\t\t\t\t\t\t<div class=\"elementor-inner\">\n\t\t\t\t<div class=\"elementor-section-wrap\">\n\t\t\t\t\t\t\t\t\t<section class=\"elementor-section elementor-top-section elementor-element elementor-element-a26470b elementor-section-boxed elementor-section-height-default elementor-section-height-default\" data-id=\"a26470b\" data-element_type=\"section\">\n\t\t\t\t\t\t<div class=\"elementor-container elementor-column-gap-default\">\n\t\t\t\t\t\t\t<div class=\"elementor-row\">\n\t\t\t\t\t<div class=\"elementor-column elementor-col-100 elementor-top-column elementor-element elementor-element-0514873\" data-id=\"0514873\" data-element_type=\"column\">\n\t\t\t<div class=\"elementor-column-wrap elementor-element-populated\">\n\t\t\t\t\t\t\t<div class=\"elementor-widget-wrap\">\n\t\t\t\t\t\t<div class=\"elementor-element elementor-element-1c0bf15 elementor-widget elementor-widget-spacer\" data-id=\"1c0bf15\" data-element_type=\"widget\" data-widget_type=\"spacer.default\">\n\t\t\t\t<div class=\"elementor-widget-container\">\n\t\t\t\t\t<div class=\"elementor-spacer\">\n\t\t\t<div class=\"elementor-spacer-inner\"><\/div>\n\t\t<\/div>\n\t\t\t\t<\/div>\n\t\t\t\t<\/div>\n\t\t\t\t\t\t<\/div>\n\t\t\t\t\t<\/div>\n\t\t<\/div>\n\t\t\t\t\t\t\t\t<\/div>\n\t\t\t\t\t<\/div>\n\t\t<\/section>\n\t\t\t\t<section class=\"elementor-section elementor-top-section elementor-element elementor-element-e54dbba elementor-section-boxed elementor-section-height-default elementor-section-height-default elementor-invisible\" data-id=\"e54dbba\" data-element_type=\"section\" data-settings=\"{&quot;animation&quot;:&quot;fadeInLeft&quot;}\">\n\t\t\t\t\t\t<div class=\"elementor-container elementor-column-gap-default\">\n\t\t\t\t\t\t\t<div class=\"elementor-row\">\n\t\t\t\t\t<div class=\"elementor-column elementor-col-50 elementor-top-column elementor-element elementor-element-2d693ca\" data-id=\"2d693ca\" data-element_type=\"column\" data-settings=\"{&quot;background_background&quot;:&quot;classic&quot;}\">\n\t\t\t<div class=\"elementor-column-wrap elementor-element-populated\">\n\t\t\t\t\t\t\t<div class=\"elementor-widget-wrap\">\n\t\t\t\t\t\t<div class=\"elementor-element elementor-element-cff982e elementor-widget elementor-widget-heading\" data-id=\"cff982e\" data-element_type=\"widget\" data-widget_type=\"heading.default\">\n\t\t\t\t<div class=\"elementor-widget-container\">\n\t\t\t<h1 class=\"elementor-heading-title elementor-size-default\">Conditions techniques \u00e0 respecter<\/h1>\t\t<\/div>\n\t\t\t\t<\/div>\n\t\t\t\t<div class=\"elementor-element elementor-element-9264986 elementor-widget elementor-widget-text-editor\" data-id=\"9264986\" data-element_type=\"widget\" data-widget_type=\"text-editor.default\">\n\t\t\t\t<div class=\"elementor-widget-container\">\n\t\t\t\t\t\t\t\t<div class=\"elementor-text-editor elementor-clearfix\">\n\t\t\t\t<ul><li><p>Mise en place d\u2019une pompe \u00e0 chaleur (PAC) \u00e0 moteur gaz de type air\/eau.<\/p><p>Seuls sont \u00e9ligibles les appareils dimensionn\u00e9s pour r\u00e9pondre aux besoins du b\u00e2timent en chauffage ou en chauffage et eau chaude sanitaire.<\/p><\/li><li><p><u>Cas d\u2019une PAC de puissance thermique nominale\u00a0<\/u><u>\u2264<\/u><u>\u00a0400 kW :<\/u><\/p><p>L\u2019efficacit\u00e9 \u00e9nerg\u00e9tique saisonni\u00e8re (\u03b7s) selon le r\u00e8glement (EU) n\u00b0 813\/2013 de la commission du 2 ao\u00fbt 2013 est sup\u00e9rieure ou \u00e9gale \u00e0 :<\/p><ul><li>111% pour les PAC moyenne et haute temp\u00e9rature,<\/li><li>126% pour les PAC basse temp\u00e9rature.<\/li><\/ul><p>L\u2019efficacit\u00e9 \u00e9nerg\u00e9tique saisonni\u00e8re prise en compte est celle de la pompe \u00e0 chaleur seule pour les besoins de chauffage des locaux (hors dispositif de r\u00e9gulation).<\/p><p><u>Cas d\u2019une PAC de puissance thermique nominale &gt; 400 kW :<\/u><\/p><p>Le coefficient de performance (COP) (rapport entre la puissance calorifique utile d\u00e9livr\u00e9e par la PAC et la somme du d\u00e9bit calorifique de gaz et de la puissance \u00e9lectrique absorb\u00e9s par la PAC) pour des temp\u00e9ratures d\u2019entr\u00e9e et de sortie \u00e9gales \u00e0 7\u00b0C \/ 35\u00b0C est \u00e9gal ou sup\u00e9rieur \u00e0 1,3.<\/p><p><u>Quelle que soit la puissance thermique nominale de la PAC :<\/u><\/p><p>La preuve de la r\u00e9alisation de l\u2019op\u00e9ration mentionne :<\/p><ul><li>la mise en place d\u2019une pompe \u00e0 chaleur \u00e0 moteur gaz de type air\/eau ainsi que sa puissance thermique, et pour les PAC de puissance thermique nominale \u2264 400 kW, le type de pompe \u00e0 chaleur (basse, moyenne ou haute temp\u00e9rature) ;<\/li><li>et la performance \u00e9nerg\u00e9tique de l\u2019\u00e9quipement install\u00e9 : selon la puissance thermique nominale de la pompe \u00e0 chaleur, le COP ou l\u2019efficacit\u00e9 \u00e9nerg\u00e9tique saisonni\u00e8re (\u03b7s).<\/li><\/ul><p>\u00c0 d\u00e9faut, la preuve de r\u00e9alisation de l\u2019op\u00e9ration mentionne la mise en place d\u2019un \u00e9quipement avec ses marques et r\u00e9f\u00e9rences. Elle est compl\u00e9t\u00e9e par un document issu du fabricant ou d\u2019un organisme \u00e9tabli dans l\u2019Espace \u00e9conomique europ\u00e9en et accr\u00e9dit\u00e9 selon la norme NF EN ISO\/IEC 17065 par le Comit\u00e9 fran\u00e7ais d\u2019accr\u00e9ditation (COFRAC) ou tout autre organisme d\u2019accr\u00e9ditation signataire de l\u2019accord europ\u00e9en multilat\u00e9ral pertinent pris dans le cadre de la coordination europ\u00e9enne des organismes d\u2019accr\u00e9ditation.<\/p><p>Ce document indique :<\/p><ul><li>que l\u2019\u00e9quipement de marque et r\u00e9f\u00e9rence mis en place est une pompe \u00e0 chaleur \u00e0 moteur gaz de type air\/eau ainsi que sa puissance thermique, et pour les PAC de puissance thermique nominale \u2264 400 kW, le type de pompe \u00e0 chaleur (basse, moyenne ou haute temp\u00e9rature) ;<\/li><li>et la performance \u00e9nerg\u00e9tique de l\u2019\u00e9quipement install\u00e9 : selon la puissance thermique nominale de la pompe \u00e0 chaleur, le COP ou l\u2019efficacit\u00e9 \u00e9nerg\u00e9tique saisonni\u00e8re (\u03b7s).<\/li><\/ul><p>Le document justificatif sp\u00e9cifique \u00e0 l\u2019op\u00e9ration est un document issu du fabricant indiquant la valeur du COP et les conditions de sa d\u00e9termination.<\/p><\/li><li>La mise en oeuvre est assur\u00e9e par un professionnel certifi\u00e9 RGE.<\/li><\/ul>\t\t\t\t\t<\/div>\n\t\t\t\t\t\t<\/div>\n\t\t\t\t<\/div>\n\t\t\t\t\t\t<\/div>\n\t\t\t\t\t<\/div>\n\t\t<\/div>\n\t\t\t\t<div class=\"elementor-column elementor-col-50 elementor-top-column elementor-element elementor-element-18c4353\" data-id=\"18c4353\" data-element_type=\"column\" data-settings=\"{&quot;background_background&quot;:&quot;classic&quot;}\">\n\t\t\t<div class=\"elementor-column-wrap\">\n\t\t\t\t\t\t\t<div class=\"elementor-widget-wrap\">\n\t\t\t\t\t\t\t\t<\/div>\n\t\t\t\t\t<\/div>\n\t\t<\/div>\n\t\t\t\t\t\t\t\t<\/div>\n\t\t\t\t\t<\/div>\n\t\t<\/section>\n\t\t\t\t<section class=\"elementor-section elementor-top-section elementor-element elementor-element-d9c9ae6 elementor-section-boxed elementor-section-height-default elementor-section-height-default\" data-id=\"d9c9ae6\" data-element_type=\"section\">\n\t\t\t\t\t\t<div class=\"elementor-container elementor-column-gap-default\">\n\t\t\t\t\t\t\t<div class=\"elementor-row\">\n\t\t\t\t\t<div class=\"elementor-column elementor-col-100 elementor-top-column elementor-element elementor-element-84348c0\" data-id=\"84348c0\" data-element_type=\"column\">\n\t\t\t<div class=\"elementor-column-wrap elementor-element-populated\">\n\t\t\t\t\t\t\t<div class=\"elementor-widget-wrap\">\n\t\t\t\t\t\t<div class=\"elementor-element elementor-element-70c067f elementor-widget elementor-widget-spacer\" data-id=\"70c067f\" data-element_type=\"widget\" data-widget_type=\"spacer.default\">\n\t\t\t\t<div class=\"elementor-widget-container\">\n\t\t\t\t\t<div class=\"elementor-spacer\">\n\t\t\t<div class=\"elementor-spacer-inner\"><\/div>\n\t\t<\/div>\n\t\t\t\t<\/div>\n\t\t\t\t<\/div>\n\t\t\t\t\t\t<\/div>\n\t\t\t\t\t<\/div>\n\t\t<\/div>\n\t\t\t\t\t\t\t\t<\/div>\n\t\t\t\t\t<\/div>\n\t\t<\/section>\n\t\t\t\t<section class=\"elementor-section elementor-top-section elementor-element elementor-element-ec507f8 elementor-section-boxed elementor-section-height-default elementor-section-height-default elementor-invisible\" data-id=\"ec507f8\" data-element_type=\"section\" data-settings=\"{&quot;animation&quot;:&quot;fadeInLeft&quot;,&quot;background_background&quot;:&quot;classic&quot;,&quot;animation_delay&quot;:200}\">\n\t\t\t\t\t\t<div class=\"elementor-container elementor-column-gap-default\">\n\t\t\t\t\t\t\t<div class=\"elementor-row\">\n\t\t\t\t\t<div class=\"elementor-column elementor-col-33 elementor-top-column elementor-element elementor-element-663173b\" data-id=\"663173b\" data-element_type=\"column\" data-settings=\"{&quot;background_background&quot;:&quot;classic&quot;}\">\n\t\t\t<div class=\"elementor-column-wrap elementor-element-populated\">\n\t\t\t\t\t\t\t<div class=\"elementor-widget-wrap\">\n\t\t\t\t\t\t<div class=\"elementor-element elementor-element-29b3de0 elementor-widget elementor-widget-heading\" data-id=\"29b3de0\" data-element_type=\"widget\" data-widget_type=\"heading.default\">\n\t\t\t\t<div class=\"elementor-widget-container\">\n\t\t\t<h2 class=\"elementor-heading-title elementor-size-default\">Estimez le montant de votre prime, contactez-nous<\/h2>\t\t<\/div>\n\t\t\t\t<\/div>\n\t\t\t\t\t\t<\/div>\n\t\t\t\t\t<\/div>\n\t\t<\/div>\n\t\t\t\t<div class=\"elementor-column elementor-col-33 elementor-top-column elementor-element elementor-element-5fd3313\" data-id=\"5fd3313\" data-element_type=\"column\">\n\t\t\t<div class=\"elementor-column-wrap elementor-element-populated\">\n\t\t\t\t\t\t\t<div class=\"elementor-widget-wrap\">\n\t\t\t\t\t\t<div class=\"elementor-element elementor-element-c556054 premium-lottie-svg elementor-widget elementor-widget-premium-lottie\" data-id=\"c556054\" data-element_type=\"widget\" data-widget_type=\"premium-lottie.default\">\n\t\t\t\t<div class=\"elementor-widget-container\">\n\t\t\t\r\n\t\t<div class=\"premium-lottie-animation\" data-lottie-url=\"https:\/\/assets6.lottiefiles.com\/packages\/lf20_xvsAbH.json\" data-lottie-loop=\"true\" data-lottie-reverse=\"\" data-lottie-hover=\"\" data-lottie-speed=\"1\" data-lottie-render=\"svg\">\r\n\t\t\t\t\t<\/div>\r\n\r\n\t\t\t\t<\/div>\n\t\t\t\t<\/div>\n\t\t\t\t\t\t<\/div>\n\t\t\t\t\t<\/div>\n\t\t<\/div>\n\t\t\t\t<div class=\"elementor-column elementor-col-33 elementor-top-column elementor-element elementor-element-4432381\" data-id=\"4432381\" data-element_type=\"column\" data-settings=\"{&quot;background_background&quot;:&quot;classic&quot;}\">\n\t\t\t<div class=\"elementor-column-wrap elementor-element-populated\">\n\t\t\t\t\t\t\t<div class=\"elementor-widget-wrap\">\n\t\t\t\t\t\t<div class=\"elementor-element elementor-element-0d0a42e elementor-widget elementor-widget-premium-addon-button\" data-id=\"0d0a42e\" data-element_type=\"widget\" data-widget_type=\"premium-addon-button.default\">\n\t\t\t\t<div class=\"elementor-widget-container\">\n\t\t\t\r\n\r\n\t\t<a class=\"premium-button premium-button-none premium-btn-lg premium-button-none\" href=\"https:\/\/www.primes-energie-distridyn.fr\/index.php\/formulaire\/\">\r\n\t\t\t<div class=\"premium-button-text-icon-wrapper\">\r\n\t\t\t\t\t\t\t\t<span >\r\n\t\t\t\t\tFORMULAIRE\t\t\t\t<\/span>\r\n\t\t\t\t\t\t\t<\/div>\r\n\t\t\t\t\t\t\t\t<\/a>\r\n\r\n\r\n\t\t\t\t<\/div>\n\t\t\t\t<\/div>\n\t\t\t\t\t\t<\/div>\n\t\t\t\t\t<\/div>\n\t\t<\/div>\n\t\t\t\t\t\t\t\t<\/div>\n\t\t\t\t\t<\/div>\n\t\t<\/section>\n\t\t\t\t<section class=\"elementor-section elementor-top-section elementor-element elementor-element-48e6f74 elementor-section-boxed elementor-section-height-default elementor-section-height-default\" data-id=\"48e6f74\" data-element_type=\"section\">\n\t\t\t\t\t\t<div class=\"elementor-container elementor-column-gap-default\">\n\t\t\t\t\t\t\t<div class=\"elementor-row\">\n\t\t\t\t\t<div class=\"elementor-column elementor-col-100 elementor-top-column elementor-element elementor-element-39f108d\" data-id=\"39f108d\" data-element_type=\"column\">\n\t\t\t<div class=\"elementor-column-wrap elementor-element-populated\">\n\t\t\t\t\t\t\t<div class=\"elementor-widget-wrap\">\n\t\t\t\t\t\t<div class=\"elementor-element elementor-element-162d5a1 elementor-widget elementor-widget-spacer\" data-id=\"162d5a1\" data-element_type=\"widget\" data-widget_type=\"spacer.default\">\n\t\t\t\t<div class=\"elementor-widget-container\">\n\t\t\t\t\t<div class=\"elementor-spacer\">\n\t\t\t<div class=\"elementor-spacer-inner\"><\/div>\n\t\t<\/div>\n\t\t\t\t<\/div>\n\t\t\t\t<\/div>\n\t\t\t\t\t\t<\/div>\n\t\t\t\t\t<\/div>\n\t\t<\/div>\n\t\t\t\t\t\t\t\t<\/div>\n\t\t\t\t\t<\/div>\n\t\t<\/section>\n\t\t\t\t<section class=\"elementor-section elementor-top-section elementor-element elementor-element-f59a9e7 elementor-section-boxed elementor-section-height-default elementor-section-height-default elementor-invisible\" data-id=\"f59a9e7\" data-element_type=\"section\" data-settings=\"{&quot;animation&quot;:&quot;fadeInLeft&quot;,&quot;background_background&quot;:&quot;classic&quot;,&quot;animation_delay&quot;:300}\">\n\t\t\t\t\t\t<div class=\"elementor-container elementor-column-gap-default\">\n\t\t\t\t\t\t\t<div class=\"elementor-row\">\n\t\t\t\t\t<div class=\"elementor-column elementor-col-33 elementor-top-column elementor-element elementor-element-d522eb2\" data-id=\"d522eb2\" data-element_type=\"column\">\n\t\t\t<div class=\"elementor-column-wrap elementor-element-populated\">\n\t\t\t\t\t\t\t<div class=\"elementor-widget-wrap\">\n\t\t\t\t\t\t<div class=\"elementor-element elementor-element-928a27c elementor-widget elementor-widget-heading\" data-id=\"928a27c\" data-element_type=\"widget\" data-widget_type=\"heading.default\">\n\t\t\t\t<div class=\"elementor-widget-container\">\n\t\t\t<h2 class=\"elementor-heading-title elementor-size-default\">Consultez la fiche officielle BAT-TH-141 pour plus d'informations<\/h2>\t\t<\/div>\n\t\t\t\t<\/div>\n\t\t\t\t\t\t<\/div>\n\t\t\t\t\t<\/div>\n\t\t<\/div>\n\t\t\t\t<div class=\"elementor-column elementor-col-33 elementor-top-column elementor-element elementor-element-212dfd3\" data-id=\"212dfd3\" data-element_type=\"column\">\n\t\t\t<div class=\"elementor-column-wrap elementor-element-populated\">\n\t\t\t\t\t\t\t<div class=\"elementor-widget-wrap\">\n\t\t\t\t\t\t<div class=\"elementor-element elementor-element-b2627db premium-lottie-svg elementor-widget elementor-widget-premium-lottie\" data-id=\"b2627db\" data-element_type=\"widget\" data-widget_type=\"premium-lottie.default\">\n\t\t\t\t<div class=\"elementor-widget-container\">\n\t\t\t\r\n\t\t<div class=\"premium-lottie-animation\" data-lottie-url=\"https:\/\/assets6.lottiefiles.com\/packages\/lf20_xvsAbH.json\" data-lottie-loop=\"true\" data-lottie-reverse=\"\" data-lottie-hover=\"\" data-lottie-speed=\"1\" data-lottie-render=\"svg\">\r\n\t\t\t\t\t<\/div>\r\n\r\n\t\t\t\t<\/div>\n\t\t\t\t<\/div>\n\t\t\t\t\t\t<\/div>\n\t\t\t\t\t<\/div>\n\t\t<\/div>\n\t\t\t\t<div class=\"elementor-column elementor-col-33 elementor-top-column elementor-element elementor-element-de531fb\" data-id=\"de531fb\" data-element_type=\"column\" data-settings=\"{&quot;background_background&quot;:&quot;classic&quot;}\">\n\t\t\t<div class=\"elementor-column-wrap elementor-element-populated\">\n\t\t\t\t\t\t\t<div class=\"elementor-widget-wrap\">\n\t\t\t\t\t\t<div class=\"elementor-element elementor-element-237c556 elementor-widget elementor-widget-premium-addon-button\" data-id=\"237c556\" data-element_type=\"widget\" data-widget_type=\"premium-addon-button.default\">\n\t\t\t\t<div class=\"elementor-widget-container\">\n\t\t\t\r\n\r\n\t\t<a class=\"premium-button premium-button-none premium-btn-lg premium-button-none\" href=\"http:\/\/calculateur-cee.ademe.fr\/pdf\/display\/108\/BAT-TH-141\" target=\"_blank\">\r\n\t\t\t<div class=\"premium-button-text-icon-wrapper\">\r\n\t\t\t\t\t\t\t\t<span >\r\n\t\t\t\t\tBAT-TH-141\t\t\t\t<\/span>\r\n\t\t\t\t\t\t\t<\/div>\r\n\t\t\t\t\t\t\t\t<\/a>\r\n\r\n\r\n\t\t\t\t<\/div>\n\t\t\t\t<\/div>\n\t\t\t\t\t\t<\/div>\n\t\t\t\t\t<\/div>\n\t\t<\/div>\n\t\t\t\t\t\t\t\t<\/div>\n\t\t\t\t\t<\/div>\n\t\t<\/section>\n\t\t\t\t<section class=\"elementor-section elementor-top-section elementor-element elementor-element-0a7880a elementor-section-boxed elementor-section-height-default elementor-section-height-default\" data-id=\"0a7880a\" data-element_type=\"section\">\n\t\t\t\t\t\t<div class=\"elementor-container elementor-column-gap-default\">\n\t\t\t\t\t\t\t<div class=\"elementor-row\">\n\t\t\t\t\t<div class=\"elementor-column elementor-col-100 elementor-top-column elementor-element elementor-element-2b5b8b1\" data-id=\"2b5b8b1\" data-element_type=\"column\">\n\t\t\t<div class=\"elementor-column-wrap elementor-element-populated\">\n\t\t\t\t\t\t\t<div class=\"elementor-widget-wrap\">\n\t\t\t\t\t\t<div class=\"elementor-element elementor-element-ee63ae3 elementor-widget elementor-widget-spacer\" data-id=\"ee63ae3\" data-element_type=\"widget\" data-widget_type=\"spacer.default\">\n\t\t\t\t<div class=\"elementor-widget-container\">\n\t\t\t\t\t<div class=\"elementor-spacer\">\n\t\t\t<div class=\"elementor-spacer-inner\"><\/div>\n\t\t<\/div>\n\t\t\t\t<\/div>\n\t\t\t\t<\/div>\n\t\t\t\t\t\t<\/div>\n\t\t\t\t\t<\/div>\n\t\t<\/div>\n\t\t\t\t\t\t\t\t<\/div>\n\t\t\t\t\t<\/div>\n\t\t<\/section>\n\t\t\t\t\t\t\t\t\t<\/div>\n\t\t\t<\/div>\n\t\t\t\t\t<\/div>\n\t\t","protected":false},"excerpt":{"rendered":"<p>Conditions techniques \u00e0 respecter Mise en place d\u2019une pompe \u00e0 chaleur (PAC) \u00e0 moteur gaz de type air\/eau. Seuls sont \u00e9ligibles les appareils dimensionn\u00e9s pour r\u00e9pondre aux besoins du b\u00e2timent en chauffage ou en chauffage et eau chaude sanitaire. Cas d\u2019une PAC de puissance thermique nominale\u00a0\u2264\u00a0400 kW : L\u2019efficacit\u00e9 \u00e9nerg\u00e9tique&#8230;<\/p>\n","protected":false},"author":1,"featured_media":0,"parent":939,"menu_order":0,"comment_status":"closed","ping_status":"closed","template":"elementor_header_footer","meta":[],"_links":{"self":[{"href":"https:\/\/www.primes-energie-distridyn.fr\/index.php\/wp-json\/wp\/v2\/pages\/961"}],"collection":[{"href":"https:\/\/www.primes-energie-distridyn.fr\/index.php\/wp-json\/wp\/v2\/pages"}],"about":[{"href":"https:\/\/www.primes-energie-distridyn.fr\/index.php\/wp-json\/wp\/v2\/types\/page"}],"author":[{"embeddable":true,"href":"https:\/\/www.primes-energie-distridyn.fr\/index.php\/wp-json\/wp\/v2\/users\/1"}],"replies":[{"embeddable":true,"href":"https:\/\/www.primes-energie-distridyn.fr\/index.php\/wp-json\/wp\/v2\/comments?post=961"}],"version-history":[{"count":22,"href":"https:\/\/www.primes-energie-distridyn.fr\/index.php\/wp-json\/wp\/v2\/pages\/961\/revisions"}],"predecessor-version":[{"id":1739,"href":"https:\/\/www.primes-energie-distridyn.fr\/index.php\/wp-json\/wp\/v2\/pages\/961\/revisions\/1739"}],"up":[{"embeddable":true,"href":"https:\/\/www.primes-energie-distridyn.fr\/index.php\/wp-json\/wp\/v2\/pages\/939"}],"wp:attachment":[{"href":"https:\/\/www.primes-energie-distridyn.fr\/index.php\/wp-json\/wp\/v2\/media?parent=961"}],"curies":[{"name":"wp","href":"https:\/\/api.w.org\/{rel}","templated":true}]}}