{"id":421,"date":"2020-10-04T11:24:06","date_gmt":"2020-10-04T09:24:06","guid":{"rendered":"http:\/\/www.primes-energie-distridyn.fr\/?page_id=421"},"modified":"2021-10-13T16:24:27","modified_gmt":"2021-10-13T14:24:27","slug":"qui-sommes-nous","status":"publish","type":"page","link":"https:\/\/www.primes-energie-distridyn.fr\/index.php\/qui-sommes-nous\/","title":{"rendered":"Qui sommes-nous ?"},"content":{"rendered":"\t\t<div data-elementor-type=\"wp-page\" data-elementor-id=\"421\" class=\"elementor elementor-421\">\n\t\t\t\t\t\t<div class=\"elementor-inner\">\n\t\t\t\t<div class=\"elementor-section-wrap\">\n\t\t\t\t\t\t\t\t\t<section class=\"elementor-section elementor-top-section elementor-element elementor-element-a26470b elementor-section-boxed elementor-section-height-default elementor-section-height-default\" data-id=\"a26470b\" data-element_type=\"section\">\n\t\t\t\t\t\t<div class=\"elementor-container elementor-column-gap-default\">\n\t\t\t\t\t\t\t<div class=\"elementor-row\">\n\t\t\t\t\t<div class=\"elementor-column elementor-col-100 elementor-top-column elementor-element elementor-element-0514873\" data-id=\"0514873\" data-element_type=\"column\">\n\t\t\t<div class=\"elementor-column-wrap elementor-element-populated\">\n\t\t\t\t\t\t\t<div class=\"elementor-widget-wrap\">\n\t\t\t\t\t\t<div class=\"elementor-element elementor-element-1c0bf15 elementor-widget elementor-widget-spacer\" data-id=\"1c0bf15\" data-element_type=\"widget\" data-widget_type=\"spacer.default\">\n\t\t\t\t<div class=\"elementor-widget-container\">\n\t\t\t\t\t<div class=\"elementor-spacer\">\n\t\t\t<div class=\"elementor-spacer-inner\"><\/div>\n\t\t<\/div>\n\t\t\t\t<\/div>\n\t\t\t\t<\/div>\n\t\t\t\t\t\t<\/div>\n\t\t\t\t\t<\/div>\n\t\t<\/div>\n\t\t\t\t\t\t\t\t<\/div>\n\t\t\t\t\t<\/div>\n\t\t<\/section>\n\t\t\t\t<section class=\"elementor-section elementor-top-section elementor-element elementor-element-e54dbba elementor-section-boxed elementor-section-height-default elementor-section-height-default elementor-invisible\" data-id=\"e54dbba\" data-element_type=\"section\" data-settings=\"{&quot;animation&quot;:&quot;fadeInLeft&quot;}\">\n\t\t\t\t\t\t<div class=\"elementor-container elementor-column-gap-default\">\n\t\t\t\t\t\t\t<div class=\"elementor-row\">\n\t\t\t\t\t<div class=\"elementor-column elementor-col-50 elementor-top-column elementor-element elementor-element-18c4353\" data-id=\"18c4353\" data-element_type=\"column\">\n\t\t\t<div class=\"elementor-column-wrap elementor-element-populated\">\n\t\t\t\t\t\t\t<div class=\"elementor-widget-wrap\">\n\t\t\t\t\t\t<div class=\"elementor-element elementor-element-aba0ff8 elementor-widget elementor-widget-image\" data-id=\"aba0ff8\" data-element_type=\"widget\" data-widget_type=\"image.default\">\n\t\t\t\t<div class=\"elementor-widget-container\">\n\t\t\t\t\t\t\t\t<div class=\"elementor-image\">\n\t\t\t\t\t\t\t\t\t\t\t\t<img width=\"150\" height=\"60\" src=\"https:\/\/www.primes-energie-distridyn.fr\/wp-content\/uploads\/2021\/05\/LOGO-DISTRIDYN.png\" class=\"attachment-large size-large\" alt=\"\" loading=\"lazy\" \/>\t\t\t\t\t\t\t\t\t\t\t\t\t\t<\/div>\n\t\t\t\t\t\t<\/div>\n\t\t\t\t<\/div>\n\t\t\t\t\t\t<\/div>\n\t\t\t\t\t<\/div>\n\t\t<\/div>\n\t\t\t\t<div class=\"elementor-column elementor-col-50 elementor-top-column elementor-element elementor-element-2d693ca\" data-id=\"2d693ca\" data-element_type=\"column\" data-settings=\"{&quot;background_background&quot;:&quot;classic&quot;}\">\n\t\t\t<div class=\"elementor-column-wrap elementor-element-populated\">\n\t\t\t\t\t\t\t<div class=\"elementor-widget-wrap\">\n\t\t\t\t\t\t<div class=\"elementor-element elementor-element-9264986 elementor-widget elementor-widget-text-editor\" data-id=\"9264986\" data-element_type=\"widget\" data-widget_type=\"text-editor.default\">\n\t\t\t\t<div class=\"elementor-widget-container\">\n\t\t\t\t\t\t\t\t<div class=\"elementor-text-editor elementor-clearfix\">\n\t\t\t\t<p><span lang=\"FR\">Distridyn est la filiale p\u00e9troli\u00e8re du Groupe Casino et de Cora, sp\u00e9cialis\u00e9e dans l\u2019importation, le n\u00e9goce, la distribution de produits p\u00e9troliers et dans les \u00e9conomies d\u2019\u00e9nergies.<\/span><\/p><p><span lang=\"FR\">Forte de ses nombreuses ann\u00e9es d&rsquo;exp\u00e9rience dans le domaine du n\u00e9goce de produits p\u00e9troliers nous avons pour ambition d&rsquo;\u00eatre un acteur majeur de la distribution de combustible.<\/span><\/p><p><em><b><span lang=\"FR\">Nos comp\u00e9tences, notre exp\u00e9rience et nos conseils vous accompagnent dans votre r\u00e9ussite<\/span><\/b><\/em><\/p>\t\t\t\t\t<\/div>\n\t\t\t\t\t\t<\/div>\n\t\t\t\t<\/div>\n\t\t\t\t\t\t<\/div>\n\t\t\t\t\t<\/div>\n\t\t<\/div>\n\t\t\t\t\t\t\t\t<\/div>\n\t\t\t\t\t<\/div>\n\t\t<\/section>\n\t\t\t\t<section class=\"elementor-section elementor-top-section elementor-element elementor-element-815de7c elementor-section-boxed elementor-section-height-default elementor-section-height-default\" data-id=\"815de7c\" data-element_type=\"section\">\n\t\t\t\t\t\t<div class=\"elementor-container elementor-column-gap-default\">\n\t\t\t\t\t\t\t<div class=\"elementor-row\">\n\t\t\t\t\t<div class=\"elementor-column elementor-col-100 elementor-top-column elementor-element elementor-element-9082e0a\" data-id=\"9082e0a\" data-element_type=\"column\">\n\t\t\t<div class=\"elementor-column-wrap elementor-element-populated\">\n\t\t\t\t\t\t\t<div class=\"elementor-widget-wrap\">\n\t\t\t\t\t\t<div class=\"elementor-element elementor-element-dddb8c1 elementor-widget elementor-widget-spacer\" data-id=\"dddb8c1\" data-element_type=\"widget\" data-widget_type=\"spacer.default\">\n\t\t\t\t<div class=\"elementor-widget-container\">\n\t\t\t\t\t<div class=\"elementor-spacer\">\n\t\t\t<div class=\"elementor-spacer-inner\"><\/div>\n\t\t<\/div>\n\t\t\t\t<\/div>\n\t\t\t\t<\/div>\n\t\t\t\t\t\t<\/div>\n\t\t\t\t\t<\/div>\n\t\t<\/div>\n\t\t\t\t\t\t\t\t<\/div>\n\t\t\t\t\t<\/div>\n\t\t<\/section>\n\t\t\t\t\t\t\t\t\t<\/div>\n\t\t\t<\/div>\n\t\t\t\t\t<\/div>\n\t\t","protected":false},"excerpt":{"rendered":"<p>Distridyn est la filiale p\u00e9troli\u00e8re du Groupe Casino et de Cora, sp\u00e9cialis\u00e9e dans l\u2019importation, le n\u00e9goce, la distribution de produits p\u00e9troliers et dans les \u00e9conomies d\u2019\u00e9nergies. Forte de ses nombreuses ann\u00e9es d&rsquo;exp\u00e9rience dans le domaine du n\u00e9goce de produits p\u00e9troliers nous avons pour ambition d&rsquo;\u00eatre un acteur majeur de la&#8230;<\/p>\n","protected":false},"author":1,"featured_media":0,"parent":0,"menu_order":0,"comment_status":"closed","ping_status":"closed","template":"elementor_header_footer","meta":[],"_links":{"self":[{"href":"https:\/\/www.primes-energie-distridyn.fr\/index.php\/wp-json\/wp\/v2\/pages\/421"}],"collection":[{"href":"https:\/\/www.primes-energie-distridyn.fr\/index.php\/wp-json\/wp\/v2\/pages"}],"about":[{"href":"https:\/\/www.primes-energie-distridyn.fr\/index.php\/wp-json\/wp\/v2\/types\/page"}],"author":[{"embeddable":true,"href":"https:\/\/www.primes-energie-distridyn.fr\/index.php\/wp-json\/wp\/v2\/users\/1"}],"replies":[{"embeddable":true,"href":"https:\/\/www.primes-energie-distridyn.fr\/index.php\/wp-json\/wp\/v2\/comments?post=421"}],"version-history":[{"count":19,"href":"https:\/\/www.primes-energie-distridyn.fr\/index.php\/wp-json\/wp\/v2\/pages\/421\/revisions"}],"predecessor-version":[{"id":1596,"href":"https:\/\/www.primes-energie-distridyn.fr\/index.php\/wp-json\/wp\/v2\/pages\/421\/revisions\/1596"}],"wp:attachment":[{"href":"https:\/\/www.primes-energie-distridyn.fr\/index.php\/wp-json\/wp\/v2\/media?parent=421"}],"curies":[{"name":"wp","href":"https:\/\/api.w.org\/{rel}","templated":true}]}}