{"id":2514,"date":"2022-10-03T21:51:01","date_gmt":"2022-10-03T19:51:01","guid":{"rendered":"http:\/\/www.primes-energie-distridyn.fr\/?page_id=2514"},"modified":"2022-10-04T16:30:44","modified_gmt":"2022-10-04T14:30:44","slug":"biomasse-collective","status":"publish","type":"page","link":"https:\/\/www.primes-energie-distridyn.fr\/index.php\/coup-de-pouce\/coup-de-pouce-chauffage-tertiaire\/biomasse-collective\/","title":{"rendered":"Chaudi\u00e8re Biomasse Collective"},"content":{"rendered":"\t\t<div data-elementor-type=\"wp-page\" data-elementor-id=\"2514\" class=\"elementor elementor-2514\">\n\t\t\t\t\t\t<div class=\"elementor-inner\">\n\t\t\t\t<div class=\"elementor-section-wrap\">\n\t\t\t\t\t\t\t\t\t<section class=\"elementor-section elementor-top-section elementor-element elementor-element-a26470b elementor-section-boxed elementor-section-height-default elementor-section-height-default\" data-id=\"a26470b\" data-element_type=\"section\">\n\t\t\t\t\t\t<div class=\"elementor-container elementor-column-gap-default\">\n\t\t\t\t\t\t\t<div class=\"elementor-row\">\n\t\t\t\t\t<div class=\"elementor-column elementor-col-100 elementor-top-column elementor-element elementor-element-0514873\" data-id=\"0514873\" data-element_type=\"column\">\n\t\t\t<div class=\"elementor-column-wrap elementor-element-populated\">\n\t\t\t\t\t\t\t<div class=\"elementor-widget-wrap\">\n\t\t\t\t\t\t<div class=\"elementor-element elementor-element-1c0bf15 elementor-widget elementor-widget-spacer\" data-id=\"1c0bf15\" data-element_type=\"widget\" data-widget_type=\"spacer.default\">\n\t\t\t\t<div class=\"elementor-widget-container\">\n\t\t\t\t\t<div class=\"elementor-spacer\">\n\t\t\t<div class=\"elementor-spacer-inner\"><\/div>\n\t\t<\/div>\n\t\t\t\t<\/div>\n\t\t\t\t<\/div>\n\t\t\t\t\t\t<\/div>\n\t\t\t\t\t<\/div>\n\t\t<\/div>\n\t\t\t\t\t\t\t\t<\/div>\n\t\t\t\t\t<\/div>\n\t\t<\/section>\n\t\t\t\t<section class=\"elementor-section elementor-top-section elementor-element elementor-element-e54dbba elementor-section-boxed elementor-section-height-default elementor-section-height-default elementor-invisible\" data-id=\"e54dbba\" data-element_type=\"section\" data-settings=\"{&quot;animation&quot;:&quot;fadeInLeft&quot;}\">\n\t\t\t\t\t\t<div class=\"elementor-container elementor-column-gap-default\">\n\t\t\t\t\t\t\t<div class=\"elementor-row\">\n\t\t\t\t\t<div class=\"elementor-column elementor-col-50 elementor-top-column elementor-element elementor-element-2d693ca\" data-id=\"2d693ca\" data-element_type=\"column\" data-settings=\"{&quot;background_background&quot;:&quot;classic&quot;}\">\n\t\t\t<div class=\"elementor-column-wrap elementor-element-populated\">\n\t\t\t\t\t\t\t<div class=\"elementor-widget-wrap\">\n\t\t\t\t\t\t<div class=\"elementor-element elementor-element-cff982e elementor-widget elementor-widget-heading\" data-id=\"cff982e\" data-element_type=\"widget\" data-widget_type=\"heading.default\">\n\t\t\t\t<div class=\"elementor-widget-container\">\n\t\t\t<h1 class=\"elementor-heading-title elementor-size-default\">Conditions techniques \u00e0 respecter<\/h1>\t\t<\/div>\n\t\t\t\t<\/div>\n\t\t\t\t<div class=\"elementor-element elementor-element-9264986 elementor-widget elementor-widget-text-editor\" data-id=\"9264986\" data-element_type=\"widget\" data-widget_type=\"text-editor.default\">\n\t\t\t\t<div class=\"elementor-widget-container\">\n\t\t\t\t\t\t\t\t<div class=\"elementor-text-editor elementor-clearfix\">\n\t\t\t\t<p>La mise en place d\u2019une chaudi\u00e8re biomasse pour un syst\u00e8me de chauffage central collectif.<\/p><p>La chaudi\u00e8re doit utiliser de la biomasse ligneuse notamment \u00e0 base de b\u00fbches de bois, de copeaux de bois, de comprim\u00e9s sous forme de granul\u00e9s, de bois comprim\u00e9 sous forme de briquettes ou de sciure de bois.<\/p><div class=\"page\" title=\"Page 37\"><div class=\"section\"><div class=\"layoutArea\"><div class=\"column\"><p><span style=\"text-decoration: underline;\">Le coefficient est de:<\/span><\/p><div class=\"page\" title=\"Page 37\"><div class=\"section\"><div class=\"layoutArea\"><div class=\"column\"><ul><li>3 si la chaudie\u0300re remplace une chaudie\u0300re au gaz non performante.<\/li><li>4 si la chaudie\u0300re remplace une chaudie\u0300re au charbon ou au fioul non performante.<\/li><\/ul><p>L\u2019installation doit \u00eatre r\u00e9alis\u00e9e par un professionnel.<\/p><p>L\u2019offre de prime dat\u00e9e et sign\u00e9e.<\/p><p>Le devis sign\u00e9 et dat\u00e9.<\/p><p class=\"article-texte\">Pour une\u00a0<strong>puissance thermique nominale de la chaudi\u00e8re \u2264 500 kW<\/strong>, l&rsquo;efficacit\u00e9 \u00e9nerg\u00e9tique saisonni\u00e8re (\u03b7s) de la chaudi\u00e8re est sup\u00e9rieure ou \u00e9gale \u00e0 83 %. L&rsquo;efficacit\u00e9 \u00e9nerg\u00e9tique saisonni\u00e8re prise en compte est celle de la chaudi\u00e8re seule pour les besoins de chauffage des locaux (hors dispositif de r\u00e9gulation).\u00a0La chaudi\u00e8re install\u00e9e r\u00e9pond aux crit\u00e8res suivants selon son mode de chargement :<br \/><br \/>&#8211; Pour une chaudi\u00e8re \u00e0 chargement manuel :<br \/>&#8211; les \u00e9missions saisonni\u00e8res de particules sont inf\u00e9rieures \u00e0 60 mg\/Nm3 ;<br \/>&#8211; les \u00e9missions saisonni\u00e8res de monoxyde de carbone (CO) sont inf\u00e9rieures \u00e0 700 mg\/Nm3 ;<br \/>&#8211; les \u00e9missions saisonni\u00e8res d&rsquo;oxydes d&rsquo;azote (NOx) sont inf\u00e9rieures \u00e0 200 mg\/Nm3 ;<br \/>&#8211; les \u00e9missions saisonni\u00e8res de compos\u00e9s organiques gazeux sont inf\u00e9rieures \u00e0 30 mg\/Nm3 ;<br \/><br \/>&#8211; Pour une chaudi\u00e8re \u00e0 chargement automatique :<br \/>&#8211; les \u00e9missions saisonni\u00e8res de particules sont inf\u00e9rieures \u00e0 40 mg\/Nm3 ;<br \/>&#8211; les \u00e9missions saisonni\u00e8res de monoxyde de carbone (CO) sont inf\u00e9rieures \u00e0 500 mg\/Nm3 ;<br \/>&#8211; les \u00e9missions saisonni\u00e8res d&rsquo;oxydes d&rsquo;azote (NOx) sont inf\u00e9rieures \u00e0 200 mg\/Nm3 ;<br \/>&#8211; les \u00e9missions saisonni\u00e8res de compos\u00e9s organiques gazeux sont inf\u00e9rieures \u00e0 20 mg\/Nm3.<br \/><br \/>Pour les chaudi\u00e8res de\u00a0<strong>puissance nominale inf\u00e9rieure ou \u00e9gale \u00e0 70 kW<\/strong>, le label Flamme verte 7* permet de satisfaire les conditions ci-dessus relatives aux \u00e9missions atmosph\u00e9riques.<\/p><p class=\"article-texte\">Pour une\u00a0<strong>puissance termique nominale de la chaudi\u00e8re &gt; 500 kW<\/strong>, le rendement PCI \u00e0 pleine charge est sup\u00e9rieur ou \u00e9gal \u00e0 92 % et la chaudi\u00e8re install\u00e9e r\u00e9pond aux crit\u00e8res suivants :<\/p><p class=\"article-texte\"><br \/>&#8211; les \u00e9missions de particules sont inf\u00e9rieures \u00e0 75 mg\/Nm3 ;<br \/>&#8211; les \u00e9missions d&rsquo;oxydes d&rsquo;azote (NOx) sont inf\u00e9rieures \u00e0 300 mg\/Nm3.<\/p><\/div><\/div><\/div><\/div><\/div><\/div><\/div><\/div>\t\t\t\t\t<\/div>\n\t\t\t\t\t\t<\/div>\n\t\t\t\t<\/div>\n\t\t\t\t\t\t<\/div>\n\t\t\t\t\t<\/div>\n\t\t<\/div>\n\t\t\t\t<div class=\"elementor-column elementor-col-50 elementor-top-column elementor-element elementor-element-18c4353\" data-id=\"18c4353\" data-element_type=\"column\" data-settings=\"{&quot;background_background&quot;:&quot;classic&quot;}\">\n\t\t\t<div class=\"elementor-column-wrap\">\n\t\t\t\t\t\t\t<div class=\"elementor-widget-wrap\">\n\t\t\t\t\t\t\t\t<\/div>\n\t\t\t\t\t<\/div>\n\t\t<\/div>\n\t\t\t\t\t\t\t\t<\/div>\n\t\t\t\t\t<\/div>\n\t\t<\/section>\n\t\t\t\t<section class=\"elementor-section elementor-top-section elementor-element elementor-element-d9c9ae6 elementor-section-boxed elementor-section-height-default elementor-section-height-default\" data-id=\"d9c9ae6\" data-element_type=\"section\">\n\t\t\t\t\t\t<div class=\"elementor-container elementor-column-gap-default\">\n\t\t\t\t\t\t\t<div class=\"elementor-row\">\n\t\t\t\t\t<div class=\"elementor-column elementor-col-100 elementor-top-column elementor-element elementor-element-84348c0\" data-id=\"84348c0\" data-element_type=\"column\">\n\t\t\t<div class=\"elementor-column-wrap elementor-element-populated\">\n\t\t\t\t\t\t\t<div class=\"elementor-widget-wrap\">\n\t\t\t\t\t\t<div class=\"elementor-element elementor-element-70c067f elementor-widget elementor-widget-spacer\" data-id=\"70c067f\" data-element_type=\"widget\" data-widget_type=\"spacer.default\">\n\t\t\t\t<div class=\"elementor-widget-container\">\n\t\t\t\t\t<div class=\"elementor-spacer\">\n\t\t\t<div class=\"elementor-spacer-inner\"><\/div>\n\t\t<\/div>\n\t\t\t\t<\/div>\n\t\t\t\t<\/div>\n\t\t\t\t\t\t<\/div>\n\t\t\t\t\t<\/div>\n\t\t<\/div>\n\t\t\t\t\t\t\t\t<\/div>\n\t\t\t\t\t<\/div>\n\t\t<\/section>\n\t\t\t\t<section class=\"elementor-section elementor-top-section elementor-element elementor-element-ec507f8 elementor-section-boxed elementor-section-height-default elementor-section-height-default elementor-invisible\" data-id=\"ec507f8\" data-element_type=\"section\" data-settings=\"{&quot;animation&quot;:&quot;fadeInLeft&quot;,&quot;background_background&quot;:&quot;classic&quot;,&quot;animation_delay&quot;:200}\">\n\t\t\t\t\t\t<div class=\"elementor-container elementor-column-gap-default\">\n\t\t\t\t\t\t\t<div class=\"elementor-row\">\n\t\t\t\t\t<div class=\"elementor-column elementor-col-33 elementor-top-column elementor-element elementor-element-663173b\" data-id=\"663173b\" data-element_type=\"column\" data-settings=\"{&quot;background_background&quot;:&quot;classic&quot;}\">\n\t\t\t<div class=\"elementor-column-wrap elementor-element-populated\">\n\t\t\t\t\t\t\t<div class=\"elementor-widget-wrap\">\n\t\t\t\t\t\t<div class=\"elementor-element elementor-element-29b3de0 elementor-widget elementor-widget-heading\" data-id=\"29b3de0\" data-element_type=\"widget\" data-widget_type=\"heading.default\">\n\t\t\t\t<div class=\"elementor-widget-container\">\n\t\t\t<h2 class=\"elementor-heading-title elementor-size-default\">Estimez le montant de votre prime, contactez-nous<\/h2>\t\t<\/div>\n\t\t\t\t<\/div>\n\t\t\t\t\t\t<\/div>\n\t\t\t\t\t<\/div>\n\t\t<\/div>\n\t\t\t\t<div class=\"elementor-column elementor-col-33 elementor-top-column elementor-element elementor-element-5fd3313\" data-id=\"5fd3313\" data-element_type=\"column\">\n\t\t\t<div class=\"elementor-column-wrap elementor-element-populated\">\n\t\t\t\t\t\t\t<div class=\"elementor-widget-wrap\">\n\t\t\t\t\t\t<div class=\"elementor-element elementor-element-c556054 premium-lottie-svg elementor-widget elementor-widget-premium-lottie\" data-id=\"c556054\" data-element_type=\"widget\" data-widget_type=\"premium-lottie.default\">\n\t\t\t\t<div class=\"elementor-widget-container\">\n\t\t\t\r\n\t\t<div class=\"premium-lottie-animation\" data-lottie-url=\"https:\/\/assets6.lottiefiles.com\/packages\/lf20_xvsAbH.json\" data-lottie-loop=\"true\" data-lottie-reverse=\"\" data-lottie-hover=\"\" data-lottie-speed=\"1\" data-lottie-render=\"svg\">\r\n\t\t\t\t\t<\/div>\r\n\r\n\t\t\t\t<\/div>\n\t\t\t\t<\/div>\n\t\t\t\t\t\t<\/div>\n\t\t\t\t\t<\/div>\n\t\t<\/div>\n\t\t\t\t<div class=\"elementor-column elementor-col-33 elementor-top-column elementor-element elementor-element-4432381\" data-id=\"4432381\" data-element_type=\"column\" data-settings=\"{&quot;background_background&quot;:&quot;classic&quot;}\">\n\t\t\t<div class=\"elementor-column-wrap elementor-element-populated\">\n\t\t\t\t\t\t\t<div class=\"elementor-widget-wrap\">\n\t\t\t\t\t\t<div class=\"elementor-element elementor-element-0d0a42e elementor-widget elementor-widget-premium-addon-button\" data-id=\"0d0a42e\" data-element_type=\"widget\" data-widget_type=\"premium-addon-button.default\">\n\t\t\t\t<div class=\"elementor-widget-container\">\n\t\t\t\r\n\r\n\t\t<a class=\"premium-button premium-button-none premium-btn-lg premium-button-none\" href=\"https:\/\/www.primes-energie-distridyn.fr\/index.php\/formulaire\/\">\r\n\t\t\t<div class=\"premium-button-text-icon-wrapper\">\r\n\t\t\t\t\t\t\t\t<span >\r\n\t\t\t\t\tFORMULAIRE\t\t\t\t<\/span>\r\n\t\t\t\t\t\t\t<\/div>\r\n\t\t\t\t\t\t\t\t<\/a>\r\n\r\n\r\n\t\t\t\t<\/div>\n\t\t\t\t<\/div>\n\t\t\t\t\t\t<\/div>\n\t\t\t\t\t<\/div>\n\t\t<\/div>\n\t\t\t\t\t\t\t\t<\/div>\n\t\t\t\t\t<\/div>\n\t\t<\/section>\n\t\t\t\t<section class=\"elementor-section elementor-top-section elementor-element elementor-element-48e6f74 elementor-section-boxed elementor-section-height-default elementor-section-height-default\" data-id=\"48e6f74\" data-element_type=\"section\">\n\t\t\t\t\t\t<div class=\"elementor-container elementor-column-gap-default\">\n\t\t\t\t\t\t\t<div class=\"elementor-row\">\n\t\t\t\t\t<div class=\"elementor-column elementor-col-100 elementor-top-column elementor-element elementor-element-39f108d\" data-id=\"39f108d\" data-element_type=\"column\">\n\t\t\t<div class=\"elementor-column-wrap elementor-element-populated\">\n\t\t\t\t\t\t\t<div class=\"elementor-widget-wrap\">\n\t\t\t\t\t\t<div class=\"elementor-element elementor-element-162d5a1 elementor-widget elementor-widget-spacer\" data-id=\"162d5a1\" data-element_type=\"widget\" data-widget_type=\"spacer.default\">\n\t\t\t\t<div class=\"elementor-widget-container\">\n\t\t\t\t\t<div class=\"elementor-spacer\">\n\t\t\t<div class=\"elementor-spacer-inner\"><\/div>\n\t\t<\/div>\n\t\t\t\t<\/div>\n\t\t\t\t<\/div>\n\t\t\t\t\t\t<\/div>\n\t\t\t\t\t<\/div>\n\t\t<\/div>\n\t\t\t\t\t\t\t\t<\/div>\n\t\t\t\t\t<\/div>\n\t\t<\/section>\n\t\t\t\t<section class=\"elementor-section elementor-top-section elementor-element elementor-element-f59a9e7 elementor-section-boxed elementor-section-height-default elementor-section-height-default elementor-invisible\" data-id=\"f59a9e7\" data-element_type=\"section\" data-settings=\"{&quot;animation&quot;:&quot;fadeInLeft&quot;,&quot;background_background&quot;:&quot;classic&quot;,&quot;animation_delay&quot;:300}\">\n\t\t\t\t\t\t<div class=\"elementor-container elementor-column-gap-default\">\n\t\t\t\t\t\t\t<div class=\"elementor-row\">\n\t\t\t\t\t<div class=\"elementor-column elementor-col-33 elementor-top-column elementor-element elementor-element-d522eb2\" data-id=\"d522eb2\" data-element_type=\"column\">\n\t\t\t<div class=\"elementor-column-wrap elementor-element-populated\">\n\t\t\t\t\t\t\t<div class=\"elementor-widget-wrap\">\n\t\t\t\t\t\t<div class=\"elementor-element elementor-element-928a27c elementor-widget elementor-widget-heading\" data-id=\"928a27c\" data-element_type=\"widget\" data-widget_type=\"heading.default\">\n\t\t\t\t<div class=\"elementor-widget-container\">\n\t\t\t<h2 class=\"elementor-heading-title elementor-size-default\">Consultez la fiche officielle BAR-TH-165 pour plus d'informations<\/h2>\t\t<\/div>\n\t\t\t\t<\/div>\n\t\t\t\t\t\t<\/div>\n\t\t\t\t\t<\/div>\n\t\t<\/div>\n\t\t\t\t<div class=\"elementor-column elementor-col-33 elementor-top-column elementor-element elementor-element-212dfd3\" data-id=\"212dfd3\" data-element_type=\"column\">\n\t\t\t<div class=\"elementor-column-wrap elementor-element-populated\">\n\t\t\t\t\t\t\t<div class=\"elementor-widget-wrap\">\n\t\t\t\t\t\t<div class=\"elementor-element elementor-element-b2627db premium-lottie-svg elementor-widget elementor-widget-premium-lottie\" data-id=\"b2627db\" data-element_type=\"widget\" data-widget_type=\"premium-lottie.default\">\n\t\t\t\t<div class=\"elementor-widget-container\">\n\t\t\t\r\n\t\t<div class=\"premium-lottie-animation\" data-lottie-url=\"https:\/\/assets6.lottiefiles.com\/packages\/lf20_xvsAbH.json\" data-lottie-loop=\"true\" data-lottie-reverse=\"\" data-lottie-hover=\"\" data-lottie-speed=\"1\" data-lottie-render=\"svg\">\r\n\t\t\t\t\t<\/div>\r\n\r\n\t\t\t\t<\/div>\n\t\t\t\t<\/div>\n\t\t\t\t\t\t<\/div>\n\t\t\t\t\t<\/div>\n\t\t<\/div>\n\t\t\t\t<div class=\"elementor-column elementor-col-33 elementor-top-column elementor-element elementor-element-de531fb\" data-id=\"de531fb\" data-element_type=\"column\" data-settings=\"{&quot;background_background&quot;:&quot;classic&quot;}\">\n\t\t\t<div class=\"elementor-column-wrap elementor-element-populated\">\n\t\t\t\t\t\t\t<div class=\"elementor-widget-wrap\">\n\t\t\t\t\t\t<div class=\"elementor-element elementor-element-237c556 elementor-widget elementor-widget-premium-addon-button\" data-id=\"237c556\" data-element_type=\"widget\" data-widget_type=\"premium-addon-button.default\">\n\t\t\t\t<div class=\"elementor-widget-container\">\n\t\t\t\r\n\r\n\t\t<a class=\"premium-button premium-button-none premium-btn-lg premium-button-none\" href=\"https:\/\/calculateur-cee.ademe.fr\/pdf\/display\/244\/BAR-TH-165\" target=\"_blank\">\r\n\t\t\t<div class=\"premium-button-text-icon-wrapper\">\r\n\t\t\t\t\t\t\t\t<span >\r\n\t\t\t\t\tBAR-TH-165 \t\t\t\t<\/span>\r\n\t\t\t\t\t\t\t<\/div>\r\n\t\t\t\t\t\t\t\t<\/a>\r\n\r\n\r\n\t\t\t\t<\/div>\n\t\t\t\t<\/div>\n\t\t\t\t\t\t<\/div>\n\t\t\t\t\t<\/div>\n\t\t<\/div>\n\t\t\t\t\t\t\t\t<\/div>\n\t\t\t\t\t<\/div>\n\t\t<\/section>\n\t\t\t\t<section class=\"elementor-section elementor-top-section elementor-element elementor-element-0a7880a elementor-section-boxed elementor-section-height-default elementor-section-height-default\" data-id=\"0a7880a\" data-element_type=\"section\">\n\t\t\t\t\t\t<div class=\"elementor-container elementor-column-gap-default\">\n\t\t\t\t\t\t\t<div class=\"elementor-row\">\n\t\t\t\t\t<div class=\"elementor-column elementor-col-100 elementor-top-column elementor-element elementor-element-2b5b8b1\" data-id=\"2b5b8b1\" data-element_type=\"column\">\n\t\t\t<div class=\"elementor-column-wrap elementor-element-populated\">\n\t\t\t\t\t\t\t<div class=\"elementor-widget-wrap\">\n\t\t\t\t\t\t<div class=\"elementor-element elementor-element-ee63ae3 elementor-widget elementor-widget-spacer\" data-id=\"ee63ae3\" data-element_type=\"widget\" data-widget_type=\"spacer.default\">\n\t\t\t\t<div class=\"elementor-widget-container\">\n\t\t\t\t\t<div class=\"elementor-spacer\">\n\t\t\t<div class=\"elementor-spacer-inner\"><\/div>\n\t\t<\/div>\n\t\t\t\t<\/div>\n\t\t\t\t<\/div>\n\t\t\t\t\t\t<\/div>\n\t\t\t\t\t<\/div>\n\t\t<\/div>\n\t\t\t\t\t\t\t\t<\/div>\n\t\t\t\t\t<\/div>\n\t\t<\/section>\n\t\t\t\t\t\t\t\t\t<\/div>\n\t\t\t<\/div>\n\t\t\t\t\t<\/div>\n\t\t","protected":false},"excerpt":{"rendered":"<p>Conditions techniques \u00e0 respecter La mise en place d\u2019une chaudi\u00e8re biomasse pour un syst\u00e8me de chauffage central collectif. La chaudi\u00e8re doit utiliser de la biomasse ligneuse notamment \u00e0 base de b\u00fbches de bois, de copeaux de bois, de comprim\u00e9s sous forme de granul\u00e9s, de bois comprim\u00e9 sous forme de briquettes&#8230;<\/p>\n","protected":false},"author":1,"featured_media":0,"parent":939,"menu_order":0,"comment_status":"closed","ping_status":"closed","template":"elementor_header_footer","meta":[],"_links":{"self":[{"href":"https:\/\/www.primes-energie-distridyn.fr\/index.php\/wp-json\/wp\/v2\/pages\/2514"}],"collection":[{"href":"https:\/\/www.primes-energie-distridyn.fr\/index.php\/wp-json\/wp\/v2\/pages"}],"about":[{"href":"https:\/\/www.primes-energie-distridyn.fr\/index.php\/wp-json\/wp\/v2\/types\/page"}],"author":[{"embeddable":true,"href":"https:\/\/www.primes-energie-distridyn.fr\/index.php\/wp-json\/wp\/v2\/users\/1"}],"replies":[{"embeddable":true,"href":"https:\/\/www.primes-energie-distridyn.fr\/index.php\/wp-json\/wp\/v2\/comments?post=2514"}],"version-history":[{"count":29,"href":"https:\/\/www.primes-energie-distridyn.fr\/index.php\/wp-json\/wp\/v2\/pages\/2514\/revisions"}],"predecessor-version":[{"id":2697,"href":"https:\/\/www.primes-energie-distridyn.fr\/index.php\/wp-json\/wp\/v2\/pages\/2514\/revisions\/2697"}],"up":[{"embeddable":true,"href":"https:\/\/www.primes-energie-distridyn.fr\/index.php\/wp-json\/wp\/v2\/pages\/939"}],"wp:attachment":[{"href":"https:\/\/www.primes-energie-distridyn.fr\/index.php\/wp-json\/wp\/v2\/media?parent=2514"}],"curies":[{"name":"wp","href":"https:\/\/api.w.org\/{rel}","templated":true}]}}