{"id":211,"date":"2020-09-13T11:42:58","date_gmt":"2020-09-13T09:42:58","guid":{"rendered":"http:\/\/www.primes-energie-distridyn.fr\/?page_id=211"},"modified":"2022-09-27T14:03:34","modified_gmt":"2022-09-27T12:03:34","slug":"pourquoi-nous","status":"publish","type":"page","link":"https:\/\/www.primes-energie-distridyn.fr\/index.php\/pourquoi-nous\/","title":{"rendered":"Pourquoi nous ?"},"content":{"rendered":"\t\t<div data-elementor-type=\"wp-page\" data-elementor-id=\"211\" class=\"elementor elementor-211\">\n\t\t\t\t\t\t<div class=\"elementor-inner\">\n\t\t\t\t<div class=\"elementor-section-wrap\">\n\t\t\t\t\t\t\t\t\t<section class=\"elementor-section elementor-top-section elementor-element elementor-element-a26470b elementor-section-boxed elementor-section-height-default elementor-section-height-default\" data-id=\"a26470b\" data-element_type=\"section\">\n\t\t\t\t\t\t<div class=\"elementor-container elementor-column-gap-default\">\n\t\t\t\t\t\t\t<div class=\"elementor-row\">\n\t\t\t\t\t<div class=\"elementor-column elementor-col-100 elementor-top-column elementor-element elementor-element-0514873\" data-id=\"0514873\" data-element_type=\"column\">\n\t\t\t<div class=\"elementor-column-wrap elementor-element-populated\">\n\t\t\t\t\t\t\t<div class=\"elementor-widget-wrap\">\n\t\t\t\t\t\t<div class=\"elementor-element elementor-element-1c0bf15 elementor-widget elementor-widget-spacer\" data-id=\"1c0bf15\" data-element_type=\"widget\" data-widget_type=\"spacer.default\">\n\t\t\t\t<div class=\"elementor-widget-container\">\n\t\t\t\t\t<div class=\"elementor-spacer\">\n\t\t\t<div class=\"elementor-spacer-inner\"><\/div>\n\t\t<\/div>\n\t\t\t\t<\/div>\n\t\t\t\t<\/div>\n\t\t\t\t\t\t<\/div>\n\t\t\t\t\t<\/div>\n\t\t<\/div>\n\t\t\t\t\t\t\t\t<\/div>\n\t\t\t\t\t<\/div>\n\t\t<\/section>\n\t\t\t\t<section class=\"elementor-section elementor-top-section elementor-element elementor-element-e54dbba elementor-section-boxed elementor-section-height-default elementor-section-height-default elementor-invisible\" data-id=\"e54dbba\" data-element_type=\"section\" data-settings=\"{&quot;animation&quot;:&quot;fadeInLeft&quot;}\">\n\t\t\t\t\t\t<div class=\"elementor-container elementor-column-gap-default\">\n\t\t\t\t\t\t\t<div class=\"elementor-row\">\n\t\t\t\t\t<div class=\"elementor-column elementor-col-50 elementor-top-column elementor-element elementor-element-2d693ca\" data-id=\"2d693ca\" data-element_type=\"column\" data-settings=\"{&quot;background_background&quot;:&quot;classic&quot;}\">\n\t\t\t<div class=\"elementor-column-wrap elementor-element-populated\">\n\t\t\t\t\t\t\t<div class=\"elementor-widget-wrap\">\n\t\t\t\t\t\t<div class=\"elementor-element elementor-element-9264986 elementor-widget elementor-widget-text-editor\" data-id=\"9264986\" data-element_type=\"widget\" data-widget_type=\"text-editor.default\">\n\t\t\t\t<div class=\"elementor-widget-container\">\n\t\t\t\t\t\t\t\t<div class=\"elementor-text-editor elementor-clearfix\">\n\t\t\t\t<p><span lang=\"FR\">Nous avons \u00e0 c\u0153ur d&rsquo;accompagner, aider et surtout conseiller nos clients. Nous mettrons tout en \u0153uvre pour vous faire profiter de notre professionnalisme et notre savoir-faire.<\/span><span lang=\"FR\">En nous choisissant vous faites donc le choix de la qualit\u00e9 et de l&rsquo;\u00e9coute. <\/span><span lang=\"FR\">Nous garantissons une transparence sur la faisabilit\u00e9 de votre dossier mais aussi \u00e0 chaque \u00e9tape de son \u00e9laboration.<\/span><\/p><p><span lang=\"FR\">Dans le cadre du dispositif des Certificats d\u2019\u00c9conomies d\u2019\u00c9nergie (CEE), la soci\u00e9t\u00e9 Distridyn, distributeur d\u2019\u00e9nergie, propose au travers de son offre, les op\u00e9rations Coup de pouce : <\/span><\/p><ul><li><span lang=\"FR\">Le \u00ab <b><a href=\"http:\/\/www.primes-energie-distridyn.fr\/index.php\/coup-de-pouce\/coup-de-pouce-chauffage-2\/\" data-wplink-url-error=\"true\">Coup de Pouce Chauffage<\/a>\u00a0<a href=\"http:\/\/www.primes-energie-distridyn.fr\/index.php\/coup-de-pouce\/coup-de-pouce-chauffage-2\/\">r\u00e9sidentiel<\/a>\u00a0\u00bb<\/b>, d\u00e9finies par l\u2019Arr\u00eat\u00e9 du 31 d\u00e9cembre 2018 et mises en place par le Minist\u00e8re de la Transition \u00c9cologique et Solidaire.<\/span><\/li><li>Le \u00ab\u00a0<a href=\"http:\/\/www.primes-energie-distridyn.fr\/index.php\/coup-de-pouce\/coup-de-pouce-chauffage-tertiaire\/\"><strong>Coup de pouce Chauffage <\/strong><strong>des b\u00e2timents r\u00e9sidentiels collectifs et tertiaires<\/strong><\/a><strong>\u00a0\u00bb<\/strong>, d\u00e9finies par l\u2019arr\u00eat\u00e9 du 12 Juillet 2022 et mises en place par le Minist\u00e8re de la Transition \u00c9cologique et Solidaire.<\/li><li>Le \u00ab <a href=\"http:\/\/www.primes-energie-distridyn.fr\/index.php\/coup-de-pouce\/coup-de-pouce-renovation-performante-dune-maison-individuelle\/\"><strong>Coup de pouce R\u00e9novation performante d\u2019une maison individuelle<\/strong><\/a> \u00bb, d\u00e9finie par l\u2019arr\u00eat\u00e9 du 12 octobre 2020 et mise en place par le Minist\u00e8re de la Transition \u00c9cologique et Solidaire.<\/li><li><span lang=\"FR\">Le \u00ab\u00a0<a href=\"http:\/\/www.primes-energie-distridyn.fr\/index.php\/coup-de-pouce\/coup-de-pouce-1\/\"><b>Coup de pouce\u00a0<\/b><\/a><\/span><a href=\"http:\/\/www.primes-energie-distridyn.fr\/index.php\/coup-de-pouce\/coup-de-pouce-1\/\"><b>R\u00e9novation performante de b\u00e2timent r\u00e9sidentiel collectif<\/b><\/a><span lang=\"FR\"><b>\u00a0\u00bb<\/b>, d\u00e9finies par l\u2019arr\u00eat\u00e9 du 10 d\u00e9cembre 2021 et mises en place par le Minist\u00e8re de la Transition \u00c9cologique et Solidaire.<\/span><\/li><\/ul><p>Dans le cadre de son offre <a href=\"http:\/\/www.primes-energie-distridyn.fr\/index.php\/coup-de-pouce\/\" data-wplink-url-error=\"true\">Coup de Pouce<\/a>, Distridyn propose d\u2019aider financi\u00e8rement les consommateurs \u00e0 r\u00e9nover leurs moyens de chauffage, mais aussi au niveau de l&rsquo;isolation, de la r\u00e9novation globale. Ces primes s\u2019adressent \u00e0 tous les foyers quel que soit leur niveau de ressources.<\/p>\t\t\t\t\t<\/div>\n\t\t\t\t\t\t<\/div>\n\t\t\t\t<\/div>\n\t\t\t\t\t\t<\/div>\n\t\t\t\t\t<\/div>\n\t\t<\/div>\n\t\t\t\t<div class=\"elementor-column elementor-col-50 elementor-top-column elementor-element elementor-element-18c4353\" data-id=\"18c4353\" data-element_type=\"column\">\n\t\t\t<div class=\"elementor-column-wrap elementor-element-populated\">\n\t\t\t\t\t\t\t<div class=\"elementor-widget-wrap\">\n\t\t\t\t\t\t<div class=\"elementor-element elementor-element-26c6c8f elementor-widget elementor-widget-image\" data-id=\"26c6c8f\" data-element_type=\"widget\" data-widget_type=\"image.default\">\n\t\t\t\t<div class=\"elementor-widget-container\">\n\t\t\t\t\t\t\t\t<div class=\"elementor-image\">\n\t\t\t\t\t\t\t\t\t\t\t\t<img width=\"150\" height=\"60\" src=\"https:\/\/www.primes-energie-distridyn.fr\/wp-content\/uploads\/2021\/05\/LOGO-DISTRIDYN.png\" class=\"attachment-large size-large\" alt=\"\" loading=\"lazy\" \/>\t\t\t\t\t\t\t\t\t\t\t\t\t\t<\/div>\n\t\t\t\t\t\t<\/div>\n\t\t\t\t<\/div>\n\t\t\t\t<div class=\"elementor-element elementor-element-041bb11 elementor-widget elementor-widget-image\" data-id=\"041bb11\" data-element_type=\"widget\" data-widget_type=\"image.default\">\n\t\t\t\t<div class=\"elementor-widget-container\">\n\t\t\t\t\t\t\t\t<div class=\"elementor-image\">\n\t\t\t\t\t\t\t\t\t\t\t\t<img width=\"790\" height=\"306\" src=\"https:\/\/www.primes-energie-distridyn.fr\/wp-content\/uploads\/2020\/09\/logo-cee-1024x396.png\" class=\"attachment-large size-large\" alt=\"\" loading=\"lazy\" srcset=\"https:\/\/www.primes-energie-distridyn.fr\/wp-content\/uploads\/2020\/09\/logo-cee-1024x396.png 1024w, https:\/\/www.primes-energie-distridyn.fr\/wp-content\/uploads\/2020\/09\/logo-cee-300x116.png 300w, https:\/\/www.primes-energie-distridyn.fr\/wp-content\/uploads\/2020\/09\/logo-cee-768x297.png 768w, https:\/\/www.primes-energie-distridyn.fr\/wp-content\/uploads\/2020\/09\/logo-cee.png 1337w\" sizes=\"(max-width: 790px) 100vw, 790px\" \/>\t\t\t\t\t\t\t\t\t\t\t\t\t\t<\/div>\n\t\t\t\t\t\t<\/div>\n\t\t\t\t<\/div>\n\t\t\t\t\t\t<\/div>\n\t\t\t\t\t<\/div>\n\t\t<\/div>\n\t\t\t\t\t\t\t\t<\/div>\n\t\t\t\t\t<\/div>\n\t\t<\/section>\n\t\t\t\t<section class=\"elementor-section elementor-top-section elementor-element elementor-element-815de7c elementor-section-boxed elementor-section-height-default elementor-section-height-default\" data-id=\"815de7c\" data-element_type=\"section\">\n\t\t\t\t\t\t<div class=\"elementor-container elementor-column-gap-default\">\n\t\t\t\t\t\t\t<div class=\"elementor-row\">\n\t\t\t\t\t<div class=\"elementor-column elementor-col-100 elementor-top-column elementor-element elementor-element-9082e0a\" data-id=\"9082e0a\" data-element_type=\"column\">\n\t\t\t<div class=\"elementor-column-wrap elementor-element-populated\">\n\t\t\t\t\t\t\t<div class=\"elementor-widget-wrap\">\n\t\t\t\t\t\t<div class=\"elementor-element elementor-element-dddb8c1 elementor-widget elementor-widget-spacer\" data-id=\"dddb8c1\" data-element_type=\"widget\" data-widget_type=\"spacer.default\">\n\t\t\t\t<div class=\"elementor-widget-container\">\n\t\t\t\t\t<div class=\"elementor-spacer\">\n\t\t\t<div class=\"elementor-spacer-inner\"><\/div>\n\t\t<\/div>\n\t\t\t\t<\/div>\n\t\t\t\t<\/div>\n\t\t\t\t\t\t<\/div>\n\t\t\t\t\t<\/div>\n\t\t<\/div>\n\t\t\t\t\t\t\t\t<\/div>\n\t\t\t\t\t<\/div>\n\t\t<\/section>\n\t\t\t\t\t\t\t\t\t<\/div>\n\t\t\t<\/div>\n\t\t\t\t\t<\/div>\n\t\t","protected":false},"excerpt":{"rendered":"<p>Nous avons \u00e0 c\u0153ur d&rsquo;accompagner, aider et surtout conseiller nos clients. Nous mettrons tout en \u0153uvre pour vous faire profiter de notre professionnalisme et notre savoir-faire.En nous choisissant vous faites donc le choix de la qualit\u00e9 et de l&rsquo;\u00e9coute. Nous garantissons une transparence sur la faisabilit\u00e9 de votre dossier mais&#8230;<\/p>\n","protected":false},"author":1,"featured_media":0,"parent":0,"menu_order":0,"comment_status":"closed","ping_status":"closed","template":"elementor_header_footer","meta":[],"_links":{"self":[{"href":"https:\/\/www.primes-energie-distridyn.fr\/index.php\/wp-json\/wp\/v2\/pages\/211"}],"collection":[{"href":"https:\/\/www.primes-energie-distridyn.fr\/index.php\/wp-json\/wp\/v2\/pages"}],"about":[{"href":"https:\/\/www.primes-energie-distridyn.fr\/index.php\/wp-json\/wp\/v2\/types\/page"}],"author":[{"embeddable":true,"href":"https:\/\/www.primes-energie-distridyn.fr\/index.php\/wp-json\/wp\/v2\/users\/1"}],"replies":[{"embeddable":true,"href":"https:\/\/www.primes-energie-distridyn.fr\/index.php\/wp-json\/wp\/v2\/comments?post=211"}],"version-history":[{"count":54,"href":"https:\/\/www.primes-energie-distridyn.fr\/index.php\/wp-json\/wp\/v2\/pages\/211\/revisions"}],"predecessor-version":[{"id":2126,"href":"https:\/\/www.primes-energie-distridyn.fr\/index.php\/wp-json\/wp\/v2\/pages\/211\/revisions\/2126"}],"wp:attachment":[{"href":"https:\/\/www.primes-energie-distridyn.fr\/index.php\/wp-json\/wp\/v2\/media?parent=211"}],"curies":[{"name":"wp","href":"https:\/\/api.w.org\/{rel}","templated":true}]}}