{"id":1514,"date":"2021-09-23T16:11:10","date_gmt":"2021-09-23T14:11:10","guid":{"rendered":"http:\/\/www.primes-energie-distridyn.fr\/?page_id=1514"},"modified":"2023-08-25T15:46:02","modified_gmt":"2023-08-25T13:46:02","slug":"controles-obligatoires","status":"publish","type":"page","link":"https:\/\/www.primes-energie-distridyn.fr\/index.php\/controles-obligatoires\/","title":{"rendered":"Contr\u00f4les obligatoires"},"content":{"rendered":"\t\t<div data-elementor-type=\"wp-page\" data-elementor-id=\"1514\" class=\"elementor elementor-1514\">\n\t\t\t\t\t\t<div class=\"elementor-inner\">\n\t\t\t\t<div class=\"elementor-section-wrap\">\n\t\t\t\t\t\t\t\t\t<section class=\"elementor-section elementor-top-section elementor-element elementor-element-a26470b elementor-section-boxed elementor-section-height-default elementor-section-height-default\" data-id=\"a26470b\" data-element_type=\"section\">\n\t\t\t\t\t\t<div class=\"elementor-container elementor-column-gap-default\">\n\t\t\t\t\t\t\t<div class=\"elementor-row\">\n\t\t\t\t\t<div class=\"elementor-column elementor-col-100 elementor-top-column elementor-element elementor-element-0514873\" data-id=\"0514873\" data-element_type=\"column\">\n\t\t\t<div class=\"elementor-column-wrap elementor-element-populated\">\n\t\t\t\t\t\t\t<div class=\"elementor-widget-wrap\">\n\t\t\t\t\t\t<div class=\"elementor-element elementor-element-1c0bf15 elementor-widget elementor-widget-spacer\" data-id=\"1c0bf15\" data-element_type=\"widget\" data-widget_type=\"spacer.default\">\n\t\t\t\t<div class=\"elementor-widget-container\">\n\t\t\t\t\t<div class=\"elementor-spacer\">\n\t\t\t<div class=\"elementor-spacer-inner\"><\/div>\n\t\t<\/div>\n\t\t\t\t<\/div>\n\t\t\t\t<\/div>\n\t\t\t\t\t\t<\/div>\n\t\t\t\t\t<\/div>\n\t\t<\/div>\n\t\t\t\t\t\t\t\t<\/div>\n\t\t\t\t\t<\/div>\n\t\t<\/section>\n\t\t\t\t<section class=\"elementor-section elementor-top-section elementor-element elementor-element-e54dbba elementor-section-boxed elementor-section-height-default elementor-section-height-default elementor-invisible\" data-id=\"e54dbba\" data-element_type=\"section\" data-settings=\"{&quot;animation&quot;:&quot;fadeInLeft&quot;}\">\n\t\t\t\t\t\t<div class=\"elementor-container elementor-column-gap-default\">\n\t\t\t\t\t\t\t<div class=\"elementor-row\">\n\t\t\t\t\t<div class=\"elementor-column elementor-col-50 elementor-top-column elementor-element elementor-element-2d693ca\" data-id=\"2d693ca\" data-element_type=\"column\" data-settings=\"{&quot;background_background&quot;:&quot;classic&quot;}\">\n\t\t\t<div class=\"elementor-column-wrap elementor-element-populated\">\n\t\t\t\t\t\t\t<div class=\"elementor-widget-wrap\">\n\t\t\t\t\t\t<div class=\"elementor-element elementor-element-9264986 elementor-widget elementor-widget-text-editor\" data-id=\"9264986\" data-element_type=\"widget\" data-widget_type=\"text-editor.default\">\n\t\t\t\t<div class=\"elementor-widget-container\">\n\t\t\t\t\t\t\t\t<div class=\"elementor-text-editor elementor-clearfix\">\n\t\t\t\t<p><span style=\"text-decoration: underline;\"><span style=\"color: #ffffff;\">Pourquoi des contr\u00f4les obligatoires ?<\/span><\/span><\/p><p>Le principe de Certificats d\u2019Economies d\u2019Energie repose sur une obligation de r\u00e9alisation d\u2019\u00e9conomies d\u2019\u00e9nergie r\u00e9glement\u00e9e et impos\u00e9e par le gouvernement aux vendeurs d\u2019\u00e9nergie d\u00e9nomm\u00e9s les \u00ab\u00a0oblig\u00e9s\u00a0\u00bb.<\/p><p>Cependant, de nombreuses fraudes ont e\u0301te\u0301 r\u00e9v\u00e9l\u00e9es et des Certificats d\u2019Economies d\u2019Energie (CEE) se sont vus ainsi \u00eatre annule\u0301s. Le Gouvernement, suite a\u0300 ce type de proble\u0301matique, a donc mis en place un syste\u0300me de contro\u0302le des travaux des CEE pour ame\u0301liorer l\u2019efficacite\u0301 de ce dispositif.<\/p><p><span style=\"text-decoration: underline;\">Par qui sont-ils r\u00e9alis\u00e9s ?<\/span><\/p><p>Les organismes de contro\u0302le accre\u0301dite\u0301s par le COFRAC suivant la norme NF EN ISO\/CEI\/17020 en tant qu\u2019organismes de type A pour le domaine d\u2019activite\u0301s 15.1.5 \u00ab Inspection d\u2019ope\u0301rations standardise\u0301es d\u2019e\u0301conomies d\u2019e\u0301nergie dans le cadre dudispositif de de\u0301livrance des CEE \u00bb interviennent pour contro\u0302ler certaines des ope\u0301rations re\u0301alise\u0301es dans le cadre du dispositif des CEE.<\/p><p>Ces contro\u0302leurs \u201c<em>COFRAC\u201d<\/em>\u00a0ont pour mission de ve\u0301rifier la re\u0301alisation des travaux en isolation (tanto\u0302t pour des ope\u0301rations de calorifugeage, de point singulier ou d\u2019isolation de surface) au regard des exigences de fiches standardise\u0301es d\u2019e\u0301conomie d\u2019e\u0301nergie. Ces organismes accre\u0301dite\u0301s produisent une attestation de contro\u0302le a\u0300 joindre obligatoirement au dossier pour la demande de financement.<\/p><p>Le but de ces contro\u0302les est d\u2019instaurer la confiance. Leur but est de valider avant le d\u00e9marrage des travaux les informations relev\u00e9es par l&rsquo;auditeur. Et en fin de travaux la compe\u0301tence et la pertinence des travaux re\u0301alise\u0301s par l\u2019artisan.\u00a0<\/p><p><span style=\"color: #000000;\"><strong>Nous vous remercions de satisfaire aux exigences des contr\u00f4les et d&rsquo;acc\u00e9der \u00e0 la demande de rendez-vous des agents accr\u00e9dit\u00e9s lorsqu&rsquo;ils vous contacteront.<\/strong><\/span><\/p><p><span style=\"text-decoration: underline;\">En quoi consiste le contr\u00f4le COFRAC ?<\/span><\/p><p>En f\u00e9vrier 2016, un arr\u00eat\u00e9 a introduit l\u2019obligation de v\u00e9rification des travaux r\u00e9alis\u00e9s par un des organismes d\u2019inspection accr\u00e9dit\u00e9s 17020 par le COFRAC et dont la mission est de v\u00e9rifier que les travaux r\u00e9alis\u00e9s respectent les normes fix\u00e9es. Certains types de travaux sont soumis \u00e0 contr\u00f4le obligatoire par ces organismes COFRAC, syst\u00e9matiquement ou sur une fraction des chantiers men\u00e9s \u00e0 bien.\u00a0<\/p><p>Pour l\u2019op\u00e9ration <strong>BAR TH 164<\/strong> (r\u00e9novation globale d\u2019une maison individuelle) les rapports mentionnent :\u00a0<\/p><ol type=\"disc\"><li>Premier COFRAC avant d\u00e9marrage des travaux.<\/li><li>La date de la visite sur site de l\u2019organisme de contr\u00f4le;<\/li><li>Les informations d\u2019identification du b\u00e9n\u00e9ficiaire (nom, adresse, nombre et nature des lots);<\/li><li>La r\u00e9alit\u00e9 des travaux de r\u00e9novation et de la surface habitable de la maison individuelle r\u00e9nov\u00e9e;<\/li><li>La r\u00e9alisation d\u2019une \u00e9tude \u00e9nerg\u00e9tique sur le b\u00e2timent:<br \/><ul type=\"disc\"><li>Ayant fait l\u2019objet d\u2019une visite sur place par l\u2019entreprise ayant r\u00e9alis\u00e9 l\u2019\u00e9tude \u00e9nerg\u00e9tique;<\/li><li>Dont le contenu est conforme, pour les op\u00e9rations engag\u00e9es avant le 1er avril 2021, aux dispositions du II de l\u2019article 18 bis de l\u2019annexe 4 du code g\u00e9n\u00e9ral des imp\u00f4ts dans sa r\u00e9daction en vigueur au 15 f\u00e9vrier 2020 et, pour les op\u00e9rations engag\u00e9es \u00e0 compter du 1er avril 2021, au dernier alin\u00e9a du IV de l\u2019article 3-5-1 de l\u2019arr\u00eat\u00e9 du 29 d\u00e9cembre 2014 modifi\u00e9 relatif aux modalit\u00e9s d\u2019application du dispositif des CEE, sans pr\u00e9judice des exigences particuli\u00e8res de la fiche d\u2019op\u00e9rations standardis\u00e9e BAR TH 164;<\/li><li>Mentionnant les valeurs des consommations conventionnelles en \u00e9nergie primaire et en \u00e9nergie finale avant et apr\u00e8s l\u2019op\u00e9ration ayant servi \u00e0 d\u00e9terminer l\u2019\u00e9ligibilit\u00e9 au pr\u00e9sent Coup de Pouce et le niveau de prime associ\u00e9;<\/li><li>Mentionnant les taux d\u2019\u00e9nergies renouvelables ou de r\u00e9cup\u00e9ration des syst\u00e8mes de chauffage ou de production d\u2019eau chaude sanitaire du b\u00e2timent, apr\u00e8s travaux;<\/li><li>Pour laquelle il est v\u00e9rifi\u00e9 que:<br \/><ul type=\"disc\"><li>Le niveau de confort thermique de la situation finale est \u00e9quivalent ou meilleur que celui de la situation initiale, y compris en p\u00e9riode de rigueur hivernale,\u00a0<\/li><li>La production d\u2019\u00e9lectricit\u00e9 sur site n\u2019est pas retranch\u00e9e des consommations \u00e9nerg\u00e9tiques, et n\u2019est pas prise en compte dans le num\u00e9rateur du taux de chaleur renouvelable,<\/li><li>Seules les consommations li\u00e9es aux usages chauffage, refroidissement et production d\u2019eau chaude sanitaires sont prises en compte,\u00a0<\/li><li>Seules les installations fixes de chauffage sont prises en compte (des appoints mobiles du type effet de joule ne peuvent par exemple pas \u00eatre consid\u00e9r\u00e9s pour d\u00e9finir la situation initiale),<\/li><\/ul><\/li><\/ul><\/li><li>De la conformit\u00e9 des \u00e9quipements et mat\u00e9riaux mis en place avec l\u2019\u00e9tude \u00e9nerg\u00e9tique, au regard du (ou des) devis et factures d\u00e9finitifs;<\/li><li>Le cas \u00e9ch\u00e9ant, du changement de tous les \u00e9quipements de chauffage ou de production d\u2019eau chaude sanitaire au charbon ou au fioul non performants (toute technologie autre qu\u2019\u00e0 condensation);<\/li><li>De la qualification des entreprises intervenantes \u00e0 la date d\u2019engagement de l\u2019op\u00e9ration lorsque cette qualification est requise.\u00a0<\/li><\/ol><p>Le rapport fournit \u00e9galement des \u00e9l\u00e9ments d\u2019appr\u00e9ciation sur la qualit\u00e9 des travaux, en cas de manquement manifeste aux r\u00e8gles de l\u2019art.\u00a0<\/p><p><img loading=\"lazy\" class=\"alignnone wp-image-2133 size-large\" src=\"http:\/\/www.primes-energie-distridyn.fr\/wp-content\/uploads\/2022\/09\/Capture-decran-2022-09-27-a-14.58.09-1024x544.png\" alt=\"\" width=\"790\" height=\"420\" srcset=\"https:\/\/www.primes-energie-distridyn.fr\/wp-content\/uploads\/2022\/09\/Capture-decran-2022-09-27-a-14.58.09-1024x544.png 1024w, https:\/\/www.primes-energie-distridyn.fr\/wp-content\/uploads\/2022\/09\/Capture-decran-2022-09-27-a-14.58.09-300x159.png 300w, https:\/\/www.primes-energie-distridyn.fr\/wp-content\/uploads\/2022\/09\/Capture-decran-2022-09-27-a-14.58.09-768x408.png 768w, https:\/\/www.primes-energie-distridyn.fr\/wp-content\/uploads\/2022\/09\/Capture-decran-2022-09-27-a-14.58.09-1536x815.png 1536w, https:\/\/www.primes-energie-distridyn.fr\/wp-content\/uploads\/2022\/09\/Capture-decran-2022-09-27-a-14.58.09.png 1978w\" sizes=\"(max-width: 790px) 100vw, 790px\" \/><\/p>\t\t\t\t\t<\/div>\n\t\t\t\t\t\t<\/div>\n\t\t\t\t<\/div>\n\t\t\t\t\t\t<\/div>\n\t\t\t\t\t<\/div>\n\t\t<\/div>\n\t\t\t\t<div class=\"elementor-column elementor-col-50 elementor-top-column elementor-element elementor-element-18c4353\" data-id=\"18c4353\" data-element_type=\"column\">\n\t\t\t<div class=\"elementor-column-wrap elementor-element-populated\">\n\t\t\t\t\t\t\t<div class=\"elementor-widget-wrap\">\n\t\t\t\t\t\t<div class=\"elementor-element elementor-element-26c6c8f elementor-widget elementor-widget-image\" data-id=\"26c6c8f\" data-element_type=\"widget\" data-widget_type=\"image.default\">\n\t\t\t\t<div class=\"elementor-widget-container\">\n\t\t\t\t\t\t\t\t<div class=\"elementor-image\">\n\t\t\t\t\t\t\t\t\t\t\t\t<img width=\"150\" height=\"60\" src=\"https:\/\/www.primes-energie-distridyn.fr\/wp-content\/uploads\/2021\/05\/LOGO-DISTRIDYN.png\" class=\"attachment-large size-large\" alt=\"\" loading=\"lazy\" \/>\t\t\t\t\t\t\t\t\t\t\t\t\t\t<\/div>\n\t\t\t\t\t\t<\/div>\n\t\t\t\t<\/div>\n\t\t\t\t<div class=\"elementor-element elementor-element-041bb11 elementor-widget elementor-widget-image\" data-id=\"041bb11\" data-element_type=\"widget\" data-widget_type=\"image.default\">\n\t\t\t\t<div class=\"elementor-widget-container\">\n\t\t\t\t\t\t\t\t<div class=\"elementor-image\">\n\t\t\t\t\t\t\t\t\t\t\t\t<img width=\"790\" height=\"306\" src=\"https:\/\/www.primes-energie-distridyn.fr\/wp-content\/uploads\/2020\/09\/logo-cee-1024x396.png\" class=\"attachment-large size-large\" alt=\"\" loading=\"lazy\" srcset=\"https:\/\/www.primes-energie-distridyn.fr\/wp-content\/uploads\/2020\/09\/logo-cee-1024x396.png 1024w, https:\/\/www.primes-energie-distridyn.fr\/wp-content\/uploads\/2020\/09\/logo-cee-300x116.png 300w, https:\/\/www.primes-energie-distridyn.fr\/wp-content\/uploads\/2020\/09\/logo-cee-768x297.png 768w, https:\/\/www.primes-energie-distridyn.fr\/wp-content\/uploads\/2020\/09\/logo-cee.png 1337w\" sizes=\"(max-width: 790px) 100vw, 790px\" \/>\t\t\t\t\t\t\t\t\t\t\t\t\t\t<\/div>\n\t\t\t\t\t\t<\/div>\n\t\t\t\t<\/div>\n\t\t\t\t\t\t<\/div>\n\t\t\t\t\t<\/div>\n\t\t<\/div>\n\t\t\t\t\t\t\t\t<\/div>\n\t\t\t\t\t<\/div>\n\t\t<\/section>\n\t\t\t\t<section class=\"elementor-section elementor-top-section elementor-element elementor-element-815de7c elementor-section-boxed elementor-section-height-default elementor-section-height-default\" data-id=\"815de7c\" data-element_type=\"section\">\n\t\t\t\t\t\t<div class=\"elementor-container elementor-column-gap-default\">\n\t\t\t\t\t\t\t<div class=\"elementor-row\">\n\t\t\t\t\t<div class=\"elementor-column elementor-col-100 elementor-top-column elementor-element elementor-element-9082e0a\" data-id=\"9082e0a\" data-element_type=\"column\">\n\t\t\t<div class=\"elementor-column-wrap elementor-element-populated\">\n\t\t\t\t\t\t\t<div class=\"elementor-widget-wrap\">\n\t\t\t\t\t\t<div class=\"elementor-element elementor-element-dddb8c1 elementor-widget elementor-widget-spacer\" data-id=\"dddb8c1\" data-element_type=\"widget\" data-widget_type=\"spacer.default\">\n\t\t\t\t<div class=\"elementor-widget-container\">\n\t\t\t\t\t<div class=\"elementor-spacer\">\n\t\t\t<div class=\"elementor-spacer-inner\"><\/div>\n\t\t<\/div>\n\t\t\t\t<\/div>\n\t\t\t\t<\/div>\n\t\t\t\t\t\t<\/div>\n\t\t\t\t\t<\/div>\n\t\t<\/div>\n\t\t\t\t\t\t\t\t<\/div>\n\t\t\t\t\t<\/div>\n\t\t<\/section>\n\t\t\t\t\t\t\t\t\t<\/div>\n\t\t\t<\/div>\n\t\t\t\t\t<\/div>\n\t\t","protected":false},"excerpt":{"rendered":"<p>Pourquoi des contr\u00f4les obligatoires ? Le principe de Certificats d\u2019Economies d\u2019Energie repose sur une obligation de r\u00e9alisation d\u2019\u00e9conomies d\u2019\u00e9nergie r\u00e9glement\u00e9e et impos\u00e9e par le gouvernement aux vendeurs d\u2019\u00e9nergie d\u00e9nomm\u00e9s les \u00ab\u00a0oblig\u00e9s\u00a0\u00bb. Cependant, de nombreuses fraudes ont e\u0301te\u0301 r\u00e9v\u00e9l\u00e9es et des Certificats d\u2019Economies d\u2019Energie (CEE) se sont vus ainsi \u00eatre annule\u0301s&#8230;.<\/p>\n","protected":false},"author":1,"featured_media":0,"parent":0,"menu_order":0,"comment_status":"closed","ping_status":"closed","template":"elementor_header_footer","meta":[],"_links":{"self":[{"href":"https:\/\/www.primes-energie-distridyn.fr\/index.php\/wp-json\/wp\/v2\/pages\/1514"}],"collection":[{"href":"https:\/\/www.primes-energie-distridyn.fr\/index.php\/wp-json\/wp\/v2\/pages"}],"about":[{"href":"https:\/\/www.primes-energie-distridyn.fr\/index.php\/wp-json\/wp\/v2\/types\/page"}],"author":[{"embeddable":true,"href":"https:\/\/www.primes-energie-distridyn.fr\/index.php\/wp-json\/wp\/v2\/users\/1"}],"replies":[{"embeddable":true,"href":"https:\/\/www.primes-energie-distridyn.fr\/index.php\/wp-json\/wp\/v2\/comments?post=1514"}],"version-history":[{"count":16,"href":"https:\/\/www.primes-energie-distridyn.fr\/index.php\/wp-json\/wp\/v2\/pages\/1514\/revisions"}],"predecessor-version":[{"id":2850,"href":"https:\/\/www.primes-energie-distridyn.fr\/index.php\/wp-json\/wp\/v2\/pages\/1514\/revisions\/2850"}],"wp:attachment":[{"href":"https:\/\/www.primes-energie-distridyn.fr\/index.php\/wp-json\/wp\/v2\/media?parent=1514"}],"curies":[{"name":"wp","href":"https:\/\/api.w.org\/{rel}","templated":true}]}}